{"id":252,"date":"2022-10-29T18:46:56","date_gmt":"2022-10-29T18:46:56","guid":{"rendered":"https:\/\/high-track.com\/?page_id=252"},"modified":"2022-11-02T20:20:53","modified_gmt":"2022-11-02T20:20:53","slug":"por-que-elegirnos","status":"publish","type":"page","link":"https:\/\/high-track.com\/index.php\/por-que-elegirnos\/","title":{"rendered":"\u00bfPor qu\u00e9 elegirnos?"},"content":{"rendered":"\t\t<div data-elementor-type=\"wp-page\" data-elementor-id=\"252\" class=\"elementor elementor-252\">\n\t\t\t\t\t\t\t\t\t<section class=\"elementor-section elementor-top-section elementor-element elementor-element-5d6b3818 elementor-section-boxed elementor-section-height-default elementor-section-height-default\" data-id=\"5d6b3818\" data-element_type=\"section\" data-settings=\"{&quot;background_background&quot;:&quot;classic&quot;,&quot;_ha_eqh_enable&quot;:false}\">\n\t\t\t\t\t\t\t<div class=\"elementor-background-overlay\"><\/div>\n\t\t\t\t\t\t\t<div class=\"elementor-container elementor-column-gap-default\">\n\t\t\t\t\t<div class=\"elementor-column elementor-col-100 elementor-top-column elementor-element elementor-element-224fb895\" data-id=\"224fb895\" data-element_type=\"column\">\n\t\t\t<div class=\"elementor-widget-wrap elementor-element-populated\">\n\t\t\t\t\t\t\t\t<div class=\"elementor-element elementor-element-557816bb elementor-widget elementor-widget-spacer\" data-id=\"557816bb\" data-element_type=\"widget\" data-widget_type=\"spacer.default\">\n\t\t\t\t<div class=\"elementor-widget-container\">\n\t\t\t<style>\/*! elementor - v3.6.5 - 27-04-2022 *\/\n.e-container.e-container--row .elementor-spacer-inner{width:var(--spacer-size)}.e-container.e-container--column .elementor-spacer-inner,.elementor-column .elementor-spacer-inner{height:var(--spacer-size)}<\/style>\t\t<div class=\"elementor-spacer\">\n\t\t\t<div class=\"elementor-spacer-inner\"><\/div>\n\t\t<\/div>\n\t\t\t\t<\/div>\n\t\t\t\t<\/div>\n\t\t\t\t<div class=\"elementor-element elementor-element-7ead45bd elementor-widget elementor-widget-heading\" data-id=\"7ead45bd\" data-element_type=\"widget\" data-widget_type=\"heading.default\">\n\t\t\t\t<div class=\"elementor-widget-container\">\n\t\t\t<style>\/*! elementor - v3.6.5 - 27-04-2022 *\/\n.elementor-heading-title{padding:0;margin:0;line-height:1}.elementor-widget-heading .elementor-heading-title[class*=elementor-size-]>a{color:inherit;font-size:inherit;line-height:inherit}.elementor-widget-heading .elementor-heading-title.elementor-size-small{font-size:15px}.elementor-widget-heading .elementor-heading-title.elementor-size-medium{font-size:19px}.elementor-widget-heading .elementor-heading-title.elementor-size-large{font-size:29px}.elementor-widget-heading .elementor-heading-title.elementor-size-xl{font-size:39px}.elementor-widget-heading .elementor-heading-title.elementor-size-xxl{font-size:59px}<\/style><h2 class=\"elementor-heading-title elementor-size-default\">\u00bfPor qu\u00e9 elegirnos?<\/h2>\t\t<\/div>\n\t\t\t\t<\/div>\n\t\t\t\t<div class=\"elementor-element elementor-element-54c8dcdc elementor-widget elementor-widget-spacer\" data-id=\"54c8dcdc\" data-element_type=\"widget\" data-widget_type=\"spacer.default\">\n\t\t\t\t<div class=\"elementor-widget-container\">\n\t\t\t\t\t<div class=\"elementor-spacer\">\n\t\t\t<div class=\"elementor-spacer-inner\"><\/div>\n\t\t<\/div>\n\t\t\t\t<\/div>\n\t\t\t\t<\/div>\n\t\t\t\t\t<\/div>\n\t\t<\/div>\n\t\t\t\t\t\t\t<\/div>\n\t\t<\/section>\n\t\t\t\t<section class=\"elementor-section elementor-top-section elementor-element elementor-element-eef5d34 elementor-section-boxed elementor-section-height-default elementor-section-height-default\" data-id=\"eef5d34\" data-element_type=\"section\" data-settings=\"{&quot;_ha_eqh_enable&quot;:false}\">\n\t\t\t\t\t\t<div class=\"elementor-container elementor-column-gap-default\">\n\t\t\t\t\t<div class=\"elementor-column elementor-col-100 elementor-top-column elementor-element elementor-element-614e6ab\" data-id=\"614e6ab\" data-element_type=\"column\">\n\t\t\t<div class=\"elementor-widget-wrap elementor-element-populated\">\n\t\t\t\t\t\t\t\t<div class=\"elementor-element elementor-element-204e9de elementor-hidden-desktop elementor-hidden-tablet elementor-hidden-mobile ha-comparison-alignment-center elementor-widget elementor-widget-ha-comparison-table happy-addon ha-comparison-table\" data-id=\"204e9de\" data-element_type=\"widget\" data-widget_type=\"ha-comparison-table.default\">\n\t\t\t\t<div class=\"elementor-widget-container\">\n\t\t\t\n\t\t<div class=\"ha-comparison-table-wrapper\">\n\t\t\t<div class=\"ha-comparison-table__head\" data-sticky-header=\"no\">\n\t\t\t\t\t\t\t\t\t<div class=\"ha-comparison-table__head-item elementor-repeater-item-f91175b icon-left\">\n\t\t\t\t\t\t\t\t\t\t\t\t<div class=\"ha-comparison-table__head-column-cell-icon\">\n\t\t\t\t\t\t\t<i class=\"fas fa-clipboard-list\"><\/i>\t\t\t\t\t\t<\/div>\n\t\t\t\t\t\t\n\t\t\t\t\t\t<!--  -->\n\t\t\t\t\t\t<div class=\"ha-comparison-table__head-column-cell-title\">\n\t\t\t\t\t\t\t<h5 class=\"ha-comparison-table__head-column-cell-title-tag\">Servicios<\/h5>\t\t\t\t\t\t\t<div class=\"ha-comparison-table__head-column-cell-content\">\n\t\t\t\t\t\t\t\t\t\t\t\t\t\t\t<\/div>\n\t\t\t\t\t\t<\/div>\n\t\t\t\t\t\t<!--  -->\n\t\t\t\t\t<\/div>\n\t\t\t\t\t\t\t\t\t\t<div class=\"ha-comparison-table__head-item elementor-repeater-item-aff31ee icon-left\">\n\t\t\t\t\t\t\t\t\t\t\t\t<div class=\"ha-comparison-table__head-column-cell-icon\">\n\t\t\t\t\t\t\t<i class=\"far fa-hand-pointer\"><\/i>\t\t\t\t\t\t<\/div>\n\t\t\t\t\t\t\n\t\t\t\t\t\t<!--  -->\n\t\t\t\t\t\t<div class=\"ha-comparison-table__head-column-cell-title\">\n\t\t\t\t\t\t\t<h5 class=\"ha-comparison-table__head-column-cell-title-tag\">High Track<\/h5>\t\t\t\t\t\t\t<div class=\"ha-comparison-table__head-column-cell-content\">\n\t\t\t\t\t\t\t\t\t\t\t\t\t\t\t<\/div>\n\t\t\t\t\t\t<\/div>\n\t\t\t\t\t\t<!--  -->\n\t\t\t\t\t<\/div>\n\t\t\t\t\t\t\t\t\t\t<div class=\"ha-comparison-table__head-item elementor-repeater-item-64e5ce6 icon-left\">\n\t\t\t\t\t\t\t\t\t\t\t\t<div class=\"ha-comparison-table__head-column-cell-icon\">\n\t\t\t\t\t\t\t<i class=\"far fa-hand-spock\"><\/i>\t\t\t\t\t\t<\/div>\n\t\t\t\t\t\t\n\t\t\t\t\t\t<!--  -->\n\t\t\t\t\t\t<div class=\"ha-comparison-table__head-column-cell-title\">\n\t\t\t\t\t\t\t<h5 class=\"ha-comparison-table__head-column-cell-title-tag\">Otros<\/h5>\t\t\t\t\t\t\t<div class=\"ha-comparison-table__head-column-cell-content\">\n\t\t\t\t\t\t\t\t\t\t\t\t\t\t\t<\/div>\n\t\t\t\t\t\t<\/div>\n\t\t\t\t\t\t<!--  -->\n\t\t\t\t\t<\/div>\n\t\t\t\t\t\t\t\t<\/div>\n\t\t\t<div class=\"ha-comparison-table__row\">\n\t\t\t\t\t\t\t<div class=\"ha-comparison-table__row-item\">\n\t\t\t\t\t\t\t\t\t\t\t<div class=\"ha-comparison-table__row-item-cell elementor-repeater-item-f4d610e elementor-repeater-item-f91175b-sub\">\n\t\t\t\t\t\t\t\t\t\t\t\t\t\t<div class=\"ha-comparison-table__row-item-cell-title\">\n\t\t\t\t\t\t\t\tLocalizar Veh\u00edculo\t\t\t\t\t\t\t\t\n\t\t\t\t\t\t\t<\/div>\n\t\t\t\t\t\t\t\t\t\t\t\t\t\t\t\t\t\t\t\t\t\t\t\t\t\t\t<div class=\"ha-comparison-table__row-item-cell-content\">\n\t\t\t\t\t\t\t\t\t\t\t\t\t<\/div>\n\t\t\t\t\t<\/div>\n\n\t\t\t\t\t\t\t\t\t\t\t\t\t<div class=\"ha-comparison-table__row-item-cell elementor-repeater-item-380be6e elementor-repeater-item-aff31ee-sub\">\n\t\t\t\t\t\t\t\t\t\t\t\t\t\t\t\t\t\t\t\t\t<div class=\"ha-comparison-table__row-cell-icon\">\n\t\t\t\t\t\t\t\t<i class=\"fas fa-check-circle\"><\/i>\t\t\t\t\t\t\t<\/div>\n\t\t\t\t\t\t\t\t\t\t\t\t\t\t\t\t\t\t\t\t<div class=\"ha-comparison-table__row-item-cell-content\">\n\t\t\t\t\t\t\t\t\t\t\t\t\t<\/div>\n\t\t\t\t\t<\/div>\n\n\t\t\t\t\t\t\t\t\t\t\t\t\t<div class=\"ha-comparison-table__row-item-cell elementor-repeater-item-bf86cd5 elementor-repeater-item-64e5ce6-sub\">\n\t\t\t\t\t\t\t\t\t\t\t\t\t\t\t\t\t\t\t\t\t<div class=\"ha-comparison-table__row-cell-icon\">\n\t\t\t\t\t\t\t\t<i class=\"fas fa-check-circle\"><\/i>\t\t\t\t\t\t\t<\/div>\n\t\t\t\t\t\t\t\t\t\t\t\t\t\t\t\t\t\t\t\t<div class=\"ha-comparison-table__row-item-cell-content\">\n\t\t\t\t\t\t\t\t\t\t\t\t\t<\/div>\n\t\t\t\t\t<\/div>\n\n\t\t\t\t\t\t\t\t\t\t\t<\/div>\n\t\t\t\t\t\t\t\t<div class=\"ha-comparison-table__row-item\">\n\t\t\t\t\t\t\t\t\t\t\t<div class=\"ha-comparison-table__row-item-cell elementor-repeater-item-e80aaf5 elementor-repeater-item-f91175b-sub\">\n\t\t\t\t\t\t\t\t\t\t\t\t\t\t<div class=\"ha-comparison-table__row-item-cell-title\">\n\t\t\t\t\t\t\t\tUltima Posici\u00f3n\t\t\t\t\t\t\t\t\n\t\t\t\t\t\t\t<\/div>\n\t\t\t\t\t\t\t\t\t\t\t\t\t\t\t\t\t\t\t\t\t\t\t\t\t\t\t<div class=\"ha-comparison-table__row-item-cell-content\">\n\t\t\t\t\t\t\t\t\t\t\t\t\t<\/div>\n\t\t\t\t\t<\/div>\n\n\t\t\t\t\t\t\t\t\t\t\t\t\t<div class=\"ha-comparison-table__row-item-cell elementor-repeater-item-9c9fffc elementor-repeater-item-aff31ee-sub\">\n\t\t\t\t\t\t\t\t\t\t\t\t\t\t\t\t\t\t\t\t\t<div class=\"ha-comparison-table__row-cell-icon\">\n\t\t\t\t\t\t\t\t<i class=\"fas fa-check-circle\"><\/i>\t\t\t\t\t\t\t<\/div>\n\t\t\t\t\t\t\t\t\t\t\t\t\t\t\t\t\t\t\t\t<div class=\"ha-comparison-table__row-item-cell-content\">\n\t\t\t\t\t\t\t\t\t\t\t\t\t<\/div>\n\t\t\t\t\t<\/div>\n\n\t\t\t\t\t\t\t\t\t\t\t\t\t<div class=\"ha-comparison-table__row-item-cell elementor-repeater-item-088ad0f elementor-repeater-item-64e5ce6-sub\">\n\t\t\t\t\t\t\t\t\t\t\t\t\t\t\t\t\t\t\t\t\t<div class=\"ha-comparison-table__row-cell-icon\">\n\t\t\t\t\t\t\t\t<i class=\"fas fa-check-circle\"><\/i>\t\t\t\t\t\t\t<\/div>\n\t\t\t\t\t\t\t\t\t\t\t\t\t\t\t\t\t\t\t\t<div class=\"ha-comparison-table__row-item-cell-content\">\n\t\t\t\t\t\t\t\t\t\t\t\t\t<\/div>\n\t\t\t\t\t<\/div>\n\n\t\t\t\t\t\t\t\t\t\t\t<\/div>\n\t\t\t\t\t\t\t<\/div>\n\t\t\t<div class=\"ha-comparison-table__btns\">\n\t\t\t\t\t\t\t\t\t\t\t<div class=\"ha-comparison-table__btns-item elementor-repeater-item-aff31ee-sub\">\n\t\t\t\t\t\t\t\t<a class=\"ha-comparison-table__btns-item--btn elementor-repeater-item-69c5af2\" href=\"#\" target=\"_blank\" rel=\"nofollow\">\n\t\t\t\t\t\t\t\tObtener\t\t\t\t\t\t\t\t<\/a>\n\t\t\t\t\t\t\t<\/div>\n\t\t\t\t\t\t\t\t\t<\/div>\n\t\t<\/div>\n\n\t\t\t\t<\/div>\n\t\t\t\t<\/div>\n\t\t\t\t<div class=\"elementor-element elementor-element-53a12c8 elementor-widget elementor-widget-image\" data-id=\"53a12c8\" data-element_type=\"widget\" data-widget_type=\"image.default\">\n\t\t\t\t<div class=\"elementor-widget-container\">\n\t\t\t<style>\/*! elementor - v3.6.5 - 27-04-2022 *\/\n.elementor-widget-image{text-align:center}.elementor-widget-image a{display:inline-block}.elementor-widget-image a img[src$=\".svg\"]{width:48px}.elementor-widget-image img{vertical-align:middle;display:inline-block}<\/style>\t\t\t\t\t\t\t\t\t\t\t\t<img loading=\"lazy\" decoding=\"async\" width=\"983\" height=\"1070\" src=\"https:\/\/high-track.com\/wp-content\/uploads\/2022\/11\/cuadro-comparativo-1.jpg\" class=\"attachment-full size-full\" alt=\"\" srcset=\"https:\/\/high-track.com\/wp-content\/uploads\/2022\/11\/cuadro-comparativo-1.jpg 983w, https:\/\/high-track.com\/wp-content\/uploads\/2022\/11\/cuadro-comparativo-1-276x300.jpg 276w, https:\/\/high-track.com\/wp-content\/uploads\/2022\/11\/cuadro-comparativo-1-941x1024.jpg 941w, https:\/\/high-track.com\/wp-content\/uploads\/2022\/11\/cuadro-comparativo-1-768x836.jpg 768w\" sizes=\"(max-width: 983px) 100vw, 983px\" \/>\t\t\t\t\t\t\t\t\t\t\t\t\t\t\t<\/div>\n\t\t\t\t<\/div>\n\t\t\t\t\t<\/div>\n\t\t<\/div>\n\t\t\t\t\t\t\t<\/div>\n\t\t<\/section>\n\t\t\t\t<section class=\"elementor-section elementor-top-section elementor-element elementor-element-6bd7ad8 elementor-section-boxed elementor-section-height-default elementor-section-height-default\" data-id=\"6bd7ad8\" data-element_type=\"section\" data-settings=\"{&quot;_ha_eqh_enable&quot;:false}\">\n\t\t\t\t\t\t<div class=\"elementor-container elementor-column-gap-default\">\n\t\t\t\t\t<div class=\"elementor-column elementor-col-100 elementor-top-column elementor-element elementor-element-fe7e11d\" data-id=\"fe7e11d\" data-element_type=\"column\">\n\t\t\t<div class=\"elementor-widget-wrap elementor-element-populated\">\n\t\t\t\t\t\t\t\t<div class=\"elementor-element elementor-element-71deb44 elementor-widget elementor-widget-heading\" data-id=\"71deb44\" data-element_type=\"widget\" data-widget_type=\"heading.default\">\n\t\t\t\t<div class=\"elementor-widget-container\">\n\t\t\t<p class=\"elementor-heading-title elementor-size-default\">\u00a1Espera, hay m\u00e1s!<\/p>\t\t<\/div>\n\t\t\t\t<\/div>\n\t\t\t\t<div class=\"elementor-element elementor-element-5d66688b elementor-widget elementor-widget-text-editor\" data-id=\"5d66688b\" data-element_type=\"widget\" data-widget_type=\"text-editor.default\">\n\t\t\t\t<div class=\"elementor-widget-container\">\n\t\t\t<style>\/*! elementor - v3.6.5 - 27-04-2022 *\/\n.elementor-widget-text-editor.elementor-drop-cap-view-stacked .elementor-drop-cap{background-color:#818a91;color:#fff}.elementor-widget-text-editor.elementor-drop-cap-view-framed .elementor-drop-cap{color:#818a91;border:3px solid;background-color:transparent}.elementor-widget-text-editor:not(.elementor-drop-cap-view-default) .elementor-drop-cap{margin-top:8px}.elementor-widget-text-editor:not(.elementor-drop-cap-view-default) .elementor-drop-cap-letter{width:1em;height:1em}.elementor-widget-text-editor .elementor-drop-cap{float:left;text-align:center;line-height:1;font-size:50px}.elementor-widget-text-editor .elementor-drop-cap-letter{display:inline-block}<\/style>\t\t\t\t<div class=\"col-md-6\"><div class=\"need_more text-center\"><p>Nuestros planes tambi\u00e9n incluyen<\/p><\/div><\/div>\t\t\t\t\t\t<\/div>\n\t\t\t\t<\/div>\n\t\t\t\t\t<\/div>\n\t\t<\/div>\n\t\t\t\t\t\t\t<\/div>\n\t\t<\/section>\n\t\t\t\t<section class=\"elementor-section elementor-top-section elementor-element elementor-element-366bca4 elementor-section-boxed elementor-section-height-default elementor-section-height-default\" data-id=\"366bca4\" data-element_type=\"section\" data-settings=\"{&quot;_ha_eqh_enable&quot;:false}\">\n\t\t\t\t\t\t<div class=\"elementor-container elementor-column-gap-default\">\n\t\t\t\t\t<div class=\"elementor-column elementor-col-100 elementor-top-column elementor-element elementor-element-448cd32\" data-id=\"448cd32\" data-element_type=\"column\">\n\t\t\t<div class=\"elementor-widget-wrap elementor-element-populated\">\n\t\t\t\t\t\t\t\t<div class=\"elementor-element elementor-element-b7f11a0 elementor-widget elementor-widget-image\" data-id=\"b7f11a0\" data-element_type=\"widget\" data-widget_type=\"image.default\">\n\t\t\t\t<div class=\"elementor-widget-container\">\n\t\t\t\t\t\t\t\t\t\t\t\t\t\t\t<img loading=\"lazy\" decoding=\"async\" width=\"983\" height=\"919\" src=\"https:\/\/high-track.com\/wp-content\/uploads\/2022\/11\/cuadro-comparativo-2.jpg\" class=\"attachment-full size-full\" alt=\"\" srcset=\"https:\/\/high-track.com\/wp-content\/uploads\/2022\/11\/cuadro-comparativo-2.jpg 983w, https:\/\/high-track.com\/wp-content\/uploads\/2022\/11\/cuadro-comparativo-2-300x280.jpg 300w, https:\/\/high-track.com\/wp-content\/uploads\/2022\/11\/cuadro-comparativo-2-768x718.jpg 768w\" sizes=\"(max-width: 983px) 100vw, 983px\" \/>\t\t\t\t\t\t\t\t\t\t\t\t\t\t\t<\/div>\n\t\t\t\t<\/div>\n\t\t\t\t\t<\/div>\n\t\t<\/div>\n\t\t\t\t\t\t\t<\/div>\n\t\t<\/section>\n\t\t\t\t<section class=\"elementor-section elementor-top-section elementor-element elementor-element-3ef497b elementor-section-boxed elementor-section-height-default elementor-section-height-default\" data-id=\"3ef497b\" data-element_type=\"section\" data-settings=\"{&quot;_ha_eqh_enable&quot;:false}\">\n\t\t\t\t\t\t<div class=\"elementor-container elementor-column-gap-default\">\n\t\t\t\t\t<div class=\"elementor-column elementor-col-100 elementor-top-column elementor-element elementor-element-5443d03\" data-id=\"5443d03\" data-element_type=\"column\">\n\t\t\t<div class=\"elementor-widget-wrap elementor-element-populated\">\n\t\t\t\t\t\t\t\t<div class=\"elementor-element elementor-element-e57bf9d elementor-widget elementor-widget-spacer\" data-id=\"e57bf9d\" data-element_type=\"widget\" data-widget_type=\"spacer.default\">\n\t\t\t\t<div class=\"elementor-widget-container\">\n\t\t\t\t\t<div class=\"elementor-spacer\">\n\t\t\t<div class=\"elementor-spacer-inner\"><\/div>\n\t\t<\/div>\n\t\t\t\t<\/div>\n\t\t\t\t<\/div>\n\t\t\t\t\t<\/div>\n\t\t<\/div>\n\t\t\t\t\t\t\t<\/div>\n\t\t<\/section>\n\t\t\t\t<section class=\"elementor-section elementor-top-section elementor-element elementor-element-28fda28 elementor-section-boxed elementor-section-height-default elementor-section-height-default\" data-id=\"28fda28\" data-element_type=\"section\" data-settings=\"{&quot;_ha_eqh_enable&quot;:false}\">\n\t\t\t\t\t\t<div class=\"elementor-container elementor-column-gap-default\">\n\t\t\t\t\t<div class=\"elementor-column elementor-col-100 elementor-top-column elementor-element elementor-element-46a6d8\" data-id=\"46a6d8\" data-element_type=\"column\">\n\t\t\t<div class=\"elementor-widget-wrap elementor-element-populated\">\n\t\t\t\t\t\t\t\t<div class=\"elementor-element elementor-element-432c3fd3 elementor-widget elementor-widget-text-editor\" data-id=\"432c3fd3\" data-element_type=\"widget\" data-widget_type=\"text-editor.default\">\n\t\t\t\t<div class=\"elementor-widget-container\">\n\t\t\t\t\t\t\t<p>* Recuperaci\u00f3n tiene un costo adicional si el cliente requiere que nosotros enviemos guardias de seguridad privada a realizar la custodia hasta que llegue la polic\u00eda (\u00fanica instituci\u00f3n autorizada para recuperar el veh\u00edculo). Si el cliente desea no incurrir en costo puede realizar la recuperaci\u00f3n directamente con la polic\u00eda nacional por medio de la ubicaci\u00f3n del veh\u00edculo.<\/p>\t\t\t\t\t\t<\/div>\n\t\t\t\t<\/div>\n\t\t\t\t<div class=\"elementor-element elementor-element-6f1fc408 elementor-widget elementor-widget-heading\" data-id=\"6f1fc408\" data-element_type=\"widget\" data-widget_type=\"heading.default\">\n\t\t\t\t<div class=\"elementor-widget-container\">\n\t\t\t<p class=\"elementor-heading-title elementor-size-default\">\u00a1Espera, hay m\u00e1s!<\/p>\t\t<\/div>\n\t\t\t\t<\/div>\n\t\t\t\t<div class=\"elementor-element elementor-element-223353c elementor-widget elementor-widget-text-editor\" data-id=\"223353c\" data-element_type=\"widget\" data-widget_type=\"text-editor.default\">\n\t\t\t\t<div class=\"elementor-widget-container\">\n\t\t\t\t\t\t\t<p>Si est\u00e1 buscando caracter\u00edsticas avanzadas adicionales que no se enumeran aqu\u00ed.<\/p>\t\t\t\t\t\t<\/div>\n\t\t\t\t<\/div>\n\t\t\t\t<div class=\"elementor-element elementor-element-53c0a71 elementor-align-center elementor-widget elementor-widget-button\" data-id=\"53c0a71\" data-element_type=\"widget\" data-widget_type=\"button.default\">\n\t\t\t\t<div class=\"elementor-widget-container\">\n\t\t\t\t\t<div class=\"elementor-button-wrapper\">\n\t\t\t<a href=\"https:\/\/high-track.com\/index.php\/contactanos\/\" class=\"elementor-button-link elementor-button elementor-size-sm\" role=\"button\">\n\t\t\t\t\t\t<span class=\"elementor-button-content-wrapper\">\n\t\t\t\t\t\t<span class=\"elementor-button-text\">Cont\u00e1ctanos<\/span>\n\t\t<\/span>\n\t\t\t\t\t<\/a>\n\t\t<\/div>\n\t\t\t\t<\/div>\n\t\t\t\t<\/div>\n\t\t\t\t<div class=\"elementor-element elementor-element-3ebf406 elementor-widget elementor-widget-spacer\" data-id=\"3ebf406\" data-element_type=\"widget\" data-widget_type=\"spacer.default\">\n\t\t\t\t<div class=\"elementor-widget-container\">\n\t\t\t\t\t<div class=\"elementor-spacer\">\n\t\t\t<div class=\"elementor-spacer-inner\"><\/div>\n\t\t<\/div>\n\t\t\t\t<\/div>\n\t\t\t\t<\/div>\n\t\t\t\t\t<\/div>\n\t\t<\/div>\n\t\t\t\t\t\t\t<\/div>\n\t\t<\/section>\n\t\t\t\t\t\t\t<\/div>\n\t\t","protected":false},"excerpt":{"rendered":"<p>\u00bfPor qu\u00e9 elegirnos? Servicios High Track Otros Localizar Veh\u00edculo Ultima Posici\u00f3n Obtener \u00a1Espera, hay m\u00e1s! Nuestros planes tambi\u00e9n incluyen * Recuperaci\u00f3n tiene un costo adicional si el cliente requiere que nosotros enviemos guardias de seguridad privada a realizar la custodia hasta que llegue la polic\u00eda (\u00fanica instituci\u00f3n autorizada para recuperar el veh\u00edculo). Si el cliente [&hellip;]<\/p>\n","protected":false},"author":1,"featured_media":0,"parent":0,"menu_order":0,"comment_status":"closed","ping_status":"closed","template":"elementor_header_footer","meta":{"footnotes":"","_joinchat":[]},"_links":{"self":[{"href":"https:\/\/high-track.com\/index.php\/wp-json\/wp\/v2\/pages\/252"}],"collection":[{"href":"https:\/\/high-track.com\/index.php\/wp-json\/wp\/v2\/pages"}],"about":[{"href":"https:\/\/high-track.com\/index.php\/wp-json\/wp\/v2\/types\/page"}],"author":[{"embeddable":true,"href":"https:\/\/high-track.com\/index.php\/wp-json\/wp\/v2\/users\/1"}],"replies":[{"embeddable":true,"href":"https:\/\/high-track.com\/index.php\/wp-json\/wp\/v2\/comments?post=252"}],"version-history":[{"count":19,"href":"https:\/\/high-track.com\/index.php\/wp-json\/wp\/v2\/pages\/252\/revisions"}],"predecessor-version":[{"id":589,"href":"https:\/\/high-track.com\/index.php\/wp-json\/wp\/v2\/pages\/252\/revisions\/589"}],"wp:attachment":[{"href":"https:\/\/high-track.com\/index.php\/wp-json\/wp\/v2\/media?parent=252"}],"curies":[{"name":"wp","href":"https:\/\/api.w.org\/{rel}","templated":true}]}}