{"id":153,"date":"2022-10-25T19:52:53","date_gmt":"2022-10-25T19:52:53","guid":{"rendered":"https:\/\/high-track.com\/?page_id=153"},"modified":"2022-11-07T15:40:52","modified_gmt":"2022-11-07T15:40:52","slug":"acerca-de-la-empresa","status":"publish","type":"page","link":"https:\/\/high-track.com\/index.php\/acerca-de-la-empresa\/","title":{"rendered":"Acerca de la Empresa"},"content":{"rendered":"\t\t<div data-elementor-type=\"wp-page\" data-elementor-id=\"153\" class=\"elementor elementor-153\">\n\t\t\t\t\t\t\t\t\t<section class=\"elementor-section elementor-top-section elementor-element elementor-element-e9b9485 elementor-section-boxed elementor-section-height-default elementor-section-height-default\" data-id=\"e9b9485\" data-element_type=\"section\" data-settings=\"{&quot;background_background&quot;:&quot;classic&quot;,&quot;_ha_eqh_enable&quot;:false}\">\n\t\t\t\t\t\t\t<div class=\"elementor-background-overlay\"><\/div>\n\t\t\t\t\t\t\t<div class=\"elementor-container elementor-column-gap-default\">\n\t\t\t\t\t<div class=\"elementor-column elementor-col-100 elementor-top-column elementor-element elementor-element-ae8d9be\" data-id=\"ae8d9be\" data-element_type=\"column\">\n\t\t\t<div class=\"elementor-widget-wrap elementor-element-populated\">\n\t\t\t\t\t\t\t\t<div class=\"elementor-element elementor-element-046da25 elementor-widget elementor-widget-spacer\" data-id=\"046da25\" data-element_type=\"widget\" data-widget_type=\"spacer.default\">\n\t\t\t\t<div class=\"elementor-widget-container\">\n\t\t\t<style>\/*! elementor - v3.6.5 - 27-04-2022 *\/\n.e-container.e-container--row .elementor-spacer-inner{width:var(--spacer-size)}.e-container.e-container--column .elementor-spacer-inner,.elementor-column .elementor-spacer-inner{height:var(--spacer-size)}<\/style>\t\t<div class=\"elementor-spacer\">\n\t\t\t<div class=\"elementor-spacer-inner\"><\/div>\n\t\t<\/div>\n\t\t\t\t<\/div>\n\t\t\t\t<\/div>\n\t\t\t\t<div class=\"elementor-element elementor-element-3744f83 elementor-widget elementor-widget-heading\" data-id=\"3744f83\" data-element_type=\"widget\" data-widget_type=\"heading.default\">\n\t\t\t\t<div class=\"elementor-widget-container\">\n\t\t\t<style>\/*! elementor - v3.6.5 - 27-04-2022 *\/\n.elementor-heading-title{padding:0;margin:0;line-height:1}.elementor-widget-heading .elementor-heading-title[class*=elementor-size-]>a{color:inherit;font-size:inherit;line-height:inherit}.elementor-widget-heading .elementor-heading-title.elementor-size-small{font-size:15px}.elementor-widget-heading .elementor-heading-title.elementor-size-medium{font-size:19px}.elementor-widget-heading .elementor-heading-title.elementor-size-large{font-size:29px}.elementor-widget-heading .elementor-heading-title.elementor-size-xl{font-size:39px}.elementor-widget-heading .elementor-heading-title.elementor-size-xxl{font-size:59px}<\/style><h2 class=\"elementor-heading-title elementor-size-default\">Acerca de la Compa\u00f1\u00eda<\/h2>\t\t<\/div>\n\t\t\t\t<\/div>\n\t\t\t\t<div class=\"elementor-element elementor-element-489982e elementor-widget elementor-widget-spacer\" data-id=\"489982e\" data-element_type=\"widget\" data-widget_type=\"spacer.default\">\n\t\t\t\t<div class=\"elementor-widget-container\">\n\t\t\t\t\t<div class=\"elementor-spacer\">\n\t\t\t<div class=\"elementor-spacer-inner\"><\/div>\n\t\t<\/div>\n\t\t\t\t<\/div>\n\t\t\t\t<\/div>\n\t\t\t\t\t<\/div>\n\t\t<\/div>\n\t\t\t\t\t\t\t<\/div>\n\t\t<\/section>\n\t\t\t\t<section class=\"elementor-section elementor-top-section elementor-element elementor-element-7f312ad elementor-section-boxed elementor-section-height-default elementor-section-height-default\" data-id=\"7f312ad\" data-element_type=\"section\" data-settings=\"{&quot;_ha_eqh_enable&quot;:false}\">\n\t\t\t\t\t\t<div class=\"elementor-container elementor-column-gap-default\">\n\t\t\t\t\t<div class=\"elementor-column elementor-col-50 elementor-top-column elementor-element elementor-element-70635f2\" data-id=\"70635f2\" data-element_type=\"column\">\n\t\t\t<div class=\"elementor-widget-wrap elementor-element-populated\">\n\t\t\t\t\t\t\t\t<div class=\"elementor-element elementor-element-0d9973c elementor-widget elementor-widget-spacer\" data-id=\"0d9973c\" data-element_type=\"widget\" data-widget_type=\"spacer.default\">\n\t\t\t\t<div class=\"elementor-widget-container\">\n\t\t\t\t\t<div class=\"elementor-spacer\">\n\t\t\t<div class=\"elementor-spacer-inner\"><\/div>\n\t\t<\/div>\n\t\t\t\t<\/div>\n\t\t\t\t<\/div>\n\t\t\t\t<div class=\"elementor-element elementor-element-793afa4 elementor-widget elementor-widget-text-editor\" data-id=\"793afa4\" data-element_type=\"widget\" data-widget_type=\"text-editor.default\">\n\t\t\t\t<div class=\"elementor-widget-container\">\n\t\t\t<style>\/*! elementor - v3.6.5 - 27-04-2022 *\/\n.elementor-widget-text-editor.elementor-drop-cap-view-stacked .elementor-drop-cap{background-color:#818a91;color:#fff}.elementor-widget-text-editor.elementor-drop-cap-view-framed .elementor-drop-cap{color:#818a91;border:3px solid;background-color:transparent}.elementor-widget-text-editor:not(.elementor-drop-cap-view-default) .elementor-drop-cap{margin-top:8px}.elementor-widget-text-editor:not(.elementor-drop-cap-view-default) .elementor-drop-cap-letter{width:1em;height:1em}.elementor-widget-text-editor .elementor-drop-cap{float:left;text-align:center;line-height:1;font-size:50px}.elementor-widget-text-editor .elementor-drop-cap-letter{display:inline-block}<\/style>\t\t\t\t<p class=\"section\">\u00bfQu\u00e9 es\u00a0<br><span class=\"highlight\" style=\"color: #228dcb;\">HIGH TRACK<\/span>?<\/p>\t\t\t\t\t\t<\/div>\n\t\t\t\t<\/div>\n\t\t\t\t<div class=\"elementor-element elementor-element-8cf7f2d elementor-widget elementor-widget-text-editor\" data-id=\"8cf7f2d\" data-element_type=\"widget\" data-widget_type=\"text-editor.default\">\n\t\t\t\t<div class=\"elementor-widget-container\">\n\t\t\t\t\t\t\t<p>Somos una Empresa Ecuatoriana con sede en la ciudad de Guayaquil, y desde el a\u00f1o 2012 nos hemos dedicado a convertir el rastreo satelital por GPS en una <strong>herramienta accesible\u00a0para\u00a0todos.<\/strong> Brindamos soluciones y asesoramiento integral de software y equipos GPS (Sistema de Posicionamiento Global), todo con total garant\u00eda.<\/p><p>Proveemos los equipos y herramientas necesarias para el seguimiento de veh\u00edculos, maquinarias, camiones, equipos agr\u00edcolas, objetos, etc. Para ello contamos con equipos de \u00faltima tecnolog\u00eda con total garant\u00eda y una plataforma web en la cual podr\u00e1 monitorear su flota de veh\u00edculos en tiempo real.<\/p><p>Debemos destacar que nuestra soluci\u00f3n High Track se encuentra en funcionamiento desde varios a\u00f1os en diversas empresas a nivel nacional proporcion\u00e1ndoles a nuestros clientes una herramienta de seguridad y control total sobre su flota vehicular con dispositivos de \u00faltima tecnolog\u00eda.<\/p>\t\t\t\t\t\t<\/div>\n\t\t\t\t<\/div>\n\t\t\t\t\t<\/div>\n\t\t<\/div>\n\t\t\t\t<div class=\"elementor-column elementor-col-50 elementor-top-column elementor-element elementor-element-955b5f0\" data-id=\"955b5f0\" data-element_type=\"column\">\n\t\t\t<div class=\"elementor-widget-wrap elementor-element-populated\">\n\t\t\t\t\t\t\t\t<div class=\"elementor-element elementor-element-c5c8d9e elementor-widget elementor-widget-spacer\" data-id=\"c5c8d9e\" data-element_type=\"widget\" data-widget_type=\"spacer.default\">\n\t\t\t\t<div class=\"elementor-widget-container\">\n\t\t\t\t\t<div class=\"elementor-spacer\">\n\t\t\t<div class=\"elementor-spacer-inner\"><\/div>\n\t\t<\/div>\n\t\t\t\t<\/div>\n\t\t\t\t<\/div>\n\t\t\t\t<div class=\"elementor-element elementor-element-93489fc elementor-widget elementor-widget-image\" data-id=\"93489fc\" data-element_type=\"widget\" data-widget_type=\"image.default\">\n\t\t\t\t<div class=\"elementor-widget-container\">\n\t\t\t<style>\/*! elementor - v3.6.5 - 27-04-2022 *\/\n.elementor-widget-image{text-align:center}.elementor-widget-image a{display:inline-block}.elementor-widget-image a img[src$=\".svg\"]{width:48px}.elementor-widget-image img{vertical-align:middle;display:inline-block}<\/style>\t\t\t\t\t\t\t\t\t\t\t\t<img loading=\"lazy\" decoding=\"async\" width=\"598\" height=\"473\" src=\"https:\/\/high-track.com\/wp-content\/uploads\/2022\/10\/nosotros.png\" class=\"attachment-large size-large\" alt=\"\" srcset=\"https:\/\/high-track.com\/wp-content\/uploads\/2022\/10\/nosotros.png 598w, https:\/\/high-track.com\/wp-content\/uploads\/2022\/10\/nosotros-300x237.png 300w\" sizes=\"(max-width: 598px) 100vw, 598px\" \/>\t\t\t\t\t\t\t\t\t\t\t\t\t\t\t<\/div>\n\t\t\t\t<\/div>\n\t\t\t\t\t<\/div>\n\t\t<\/div>\n\t\t\t\t\t\t\t<\/div>\n\t\t<\/section>\n\t\t\t\t<section class=\"elementor-section elementor-top-section elementor-element elementor-element-8ad23a3 elementor-section-boxed elementor-section-height-default elementor-section-height-default\" data-id=\"8ad23a3\" data-element_type=\"section\" data-settings=\"{&quot;_ha_eqh_enable&quot;:false}\">\n\t\t\t\t\t\t<div class=\"elementor-container elementor-column-gap-default\">\n\t\t\t\t\t<div class=\"elementor-column elementor-col-50 elementor-top-column elementor-element elementor-element-f236063\" data-id=\"f236063\" data-element_type=\"column\">\n\t\t\t<div class=\"elementor-widget-wrap elementor-element-populated\">\n\t\t\t\t\t\t\t\t<div class=\"elementor-element elementor-element-48343ec elementor-widget elementor-widget-heading\" data-id=\"48343ec\" data-element_type=\"widget\" data-widget_type=\"heading.default\">\n\t\t\t\t<div class=\"elementor-widget-container\">\n\t\t\t<p class=\"elementor-heading-title elementor-size-default\">Misi\u00f3n<\/p>\t\t<\/div>\n\t\t\t\t<\/div>\n\t\t\t\t<div class=\"elementor-element elementor-element-6c809da elementor-widget elementor-widget-text-editor\" data-id=\"6c809da\" data-element_type=\"widget\" data-widget_type=\"text-editor.default\">\n\t\t\t\t<div class=\"elementor-widget-container\">\n\t\t\t\t\t\t\t<div class=\"col-md-6\"><p>Nuestra misi\u00f3n es incrementar la eficiencia de empleados, conductores y flotas de veh\u00edculos facilitando herramientas de comunicaci\u00f3n en tiempo real que incrementen su ganancia, productividad y bajen los costos totales de su operaci\u00f3n.<\/p><\/div>\t\t\t\t\t\t<\/div>\n\t\t\t\t<\/div>\n\t\t\t\t\t<\/div>\n\t\t<\/div>\n\t\t\t\t<div class=\"elementor-column elementor-col-50 elementor-top-column elementor-element elementor-element-7c13134\" data-id=\"7c13134\" data-element_type=\"column\">\n\t\t\t<div class=\"elementor-widget-wrap elementor-element-populated\">\n\t\t\t\t\t\t\t\t<div class=\"elementor-element elementor-element-48c0b43 elementor-widget elementor-widget-heading\" data-id=\"48c0b43\" data-element_type=\"widget\" data-widget_type=\"heading.default\">\n\t\t\t\t<div class=\"elementor-widget-container\">\n\t\t\t<p class=\"elementor-heading-title elementor-size-default\">Visi\u00f3n<\/p>\t\t<\/div>\n\t\t\t\t<\/div>\n\t\t\t\t<div class=\"elementor-element elementor-element-211f324 elementor-widget elementor-widget-text-editor\" data-id=\"211f324\" data-element_type=\"widget\" data-widget_type=\"text-editor.default\">\n\t\t\t\t<div class=\"elementor-widget-container\">\n\t\t\t\t\t\t\t<div class=\"col-md-6\"><div class=\"row\"><div class=\"col-md-6\"><p>Ser l\u00edderes en el Ecuador como una empresa innovadora, eficiente, competitiva y rentable, l\u00edder en el segmento de rastreo satelital. Logrando el entusiasmo de nuestros clientes mediante el mejoramiento continuo, innovaci\u00f3n, integridad y responsabilidad de nuestra empresa, atentos siempre a satisfacer las necesidades de nuestros clientes.<\/p><\/div><\/div><\/div>\t\t\t\t\t\t<\/div>\n\t\t\t\t<\/div>\n\t\t\t\t\t<\/div>\n\t\t<\/div>\n\t\t\t\t\t\t\t<\/div>\n\t\t<\/section>\n\t\t\t\t<section class=\"elementor-section elementor-top-section elementor-element elementor-element-e9c3bcc elementor-section-boxed elementor-section-height-default elementor-section-height-default\" data-id=\"e9c3bcc\" data-element_type=\"section\" data-settings=\"{&quot;_ha_eqh_enable&quot;:false}\">\n\t\t\t\t\t\t<div class=\"elementor-container elementor-column-gap-default\">\n\t\t\t\t\t<div class=\"elementor-column elementor-col-100 elementor-top-column elementor-element elementor-element-4c5fcf8\" data-id=\"4c5fcf8\" data-element_type=\"column\">\n\t\t\t<div class=\"elementor-widget-wrap elementor-element-populated\">\n\t\t\t\t\t\t\t\t<div class=\"elementor-element elementor-element-fc7315a elementor-widget elementor-widget-heading\" data-id=\"fc7315a\" data-element_type=\"widget\" data-widget_type=\"heading.default\">\n\t\t\t\t<div class=\"elementor-widget-container\">\n\t\t\t<p class=\"elementor-heading-title elementor-size-default\">Objetivo<\/p>\t\t<\/div>\n\t\t\t\t<\/div>\n\t\t\t\t<div class=\"elementor-element elementor-element-5015174 elementor-widget elementor-widget-text-editor\" data-id=\"5015174\" data-element_type=\"widget\" data-widget_type=\"text-editor.default\">\n\t\t\t\t<div class=\"elementor-widget-container\">\n\t\t\t\t\t\t\t<p>Nuestro objetivo es brindar es el asesoramiento necesario y adecuado en cada uno de estos campos, ofreciendo proyectos y estudios de ingenier\u00eda con soluciones confiables, econ\u00f3micas y eficientes.<\/p>\t\t\t\t\t\t<\/div>\n\t\t\t\t<\/div>\n\t\t\t\t\t<\/div>\n\t\t<\/div>\n\t\t\t\t\t\t\t<\/div>\n\t\t<\/section>\n\t\t\t\t\t\t\t<\/div>\n\t\t","protected":false},"excerpt":{"rendered":"<p>Acerca de la Compa\u00f1\u00eda \u00bfQu\u00e9 es\u00a0HIGH TRACK? Somos una Empresa Ecuatoriana con sede en la ciudad de Guayaquil, y desde el a\u00f1o 2012 nos hemos dedicado a convertir el rastreo satelital por GPS en una herramienta accesible\u00a0para\u00a0todos. Brindamos soluciones y asesoramiento integral de software y equipos GPS (Sistema de Posicionamiento Global), todo con total garant\u00eda. [&hellip;]<\/p>\n","protected":false},"author":1,"featured_media":0,"parent":0,"menu_order":0,"comment_status":"closed","ping_status":"closed","template":"elementor_header_footer","meta":{"footnotes":"","_joinchat":[]},"_links":{"self":[{"href":"https:\/\/high-track.com\/index.php\/wp-json\/wp\/v2\/pages\/153"}],"collection":[{"href":"https:\/\/high-track.com\/index.php\/wp-json\/wp\/v2\/pages"}],"about":[{"href":"https:\/\/high-track.com\/index.php\/wp-json\/wp\/v2\/types\/page"}],"author":[{"embeddable":true,"href":"https:\/\/high-track.com\/index.php\/wp-json\/wp\/v2\/users\/1"}],"replies":[{"embeddable":true,"href":"https:\/\/high-track.com\/index.php\/wp-json\/wp\/v2\/comments?post=153"}],"version-history":[{"count":19,"href":"https:\/\/high-track.com\/index.php\/wp-json\/wp\/v2\/pages\/153\/revisions"}],"predecessor-version":[{"id":601,"href":"https:\/\/high-track.com\/index.php\/wp-json\/wp\/v2\/pages\/153\/revisions\/601"}],"wp:attachment":[{"href":"https:\/\/high-track.com\/index.php\/wp-json\/wp\/v2\/media?parent=153"}],"curies":[{"name":"wp","href":"https:\/\/api.w.org\/{rel}","templated":true}]}}